{"id":249,"date":"2021-08-24T10:58:08","date_gmt":"2021-08-24T08:58:08","guid":{"rendered":"https:\/\/didier.3fu.me\/?page_id=249"},"modified":"2022-11-25T15:42:52","modified_gmt":"2022-11-25T14:42:52","slug":"presentation-jeannette-en-he-vro","status":"publish","type":"page","link":"https:\/\/didier.ywo.fr\/","title":{"rendered":"Jeannette en he vro &#8211; Jeannette en son pays"},"content":{"rendered":"\n<pre class=\"wp-block-verse has-large-font-size\">Er Folgoat, Lesneven, Lilia, Plouguerne, Plouider, hag e Trelez, e norzh Penn-ar-Bed\nAu Folgo\u00ebt, Lesneven, Lilia, Plouguerneau, Plouider, et Tr\u00e9flez, dans le nord du Finist\u00e8re<\/pre>\n\n\n\n<figure class=\"wp-block-image size-large is-resized\"><img loading=\"lazy\" decoding=\"async\" src=\"https:\/\/didier.3fu.me\/wp-content\/uploads\/2021\/08\/Carte_Lilia-1024x783.png\" alt=\"\" class=\"wp-image-251\" width=\"629\" height=\"481\" srcset=\"https:\/\/didier.ywo.fr\/wp-content\/uploads\/2021\/08\/Carte_Lilia-1024x783.png 1024w, https:\/\/didier.ywo.fr\/wp-content\/uploads\/2021\/08\/Carte_Lilia-300x229.png 300w, https:\/\/didier.ywo.fr\/wp-content\/uploads\/2021\/08\/Carte_Lilia-768x587.png 768w, https:\/\/didier.ywo.fr\/wp-content\/uploads\/2021\/08\/Carte_Lilia.png 1152w\" sizes=\"auto, (max-width: 629px) 100vw, 629px\" \/><\/figure>\n\n\n\n<p><\/p>\n","protected":false},"excerpt":{"rendered":"<p>Er Folgoat, Lesneven, Lilia, Plouguerne, Plouider, hag e Trelez, e norzh Penn-ar-Bed Au Folgo\u00ebt, Lesneven, Lilia, Plouguerneau, Plouider, et Tr\u00e9flez, dans le nord du Finist\u00e8re<\/p>\n","protected":false},"author":1,"featured_media":0,"parent":0,"menu_order":0,"comment_status":"closed","ping_status":"closed","template":"","meta":{"footnotes":""},"class_list":["post-249","page","type-page","status-publish","hentry","entry"],"_links":{"self":[{"href":"https:\/\/didier.ywo.fr\/index.php\/wp-json\/wp\/v2\/pages\/249","targetHints":{"allow":["GET"]}}],"collection":[{"href":"https:\/\/didier.ywo.fr\/index.php\/wp-json\/wp\/v2\/pages"}],"about":[{"href":"https:\/\/didier.ywo.fr\/index.php\/wp-json\/wp\/v2\/types\/page"}],"author":[{"embeddable":true,"href":"https:\/\/didier.ywo.fr\/index.php\/wp-json\/wp\/v2\/users\/1"}],"replies":[{"embeddable":true,"href":"https:\/\/didier.ywo.fr\/index.php\/wp-json\/wp\/v2\/comments?post=249"}],"version-history":[{"count":5,"href":"https:\/\/didier.ywo.fr\/index.php\/wp-json\/wp\/v2\/pages\/249\/revisions"}],"predecessor-version":[{"id":1164,"href":"https:\/\/didier.ywo.fr\/index.php\/wp-json\/wp\/v2\/pages\/249\/revisions\/1164"}],"wp:attachment":[{"href":"https:\/\/didier.ywo.fr\/index.php\/wp-json\/wp\/v2\/media?parent=249"}],"curies":[{"name":"wp","href":"https:\/\/api.w.org\/{rel}","templated":true}]}}